{"id":3793,"date":"2025-12-09T19:51:25","date_gmt":"2025-12-09T18:51:25","guid":{"rendered":"https:\/\/fynance.es\/business-crisis\/"},"modified":"2026-01-14T12:23:20","modified_gmt":"2026-01-14T11:23:20","slug":"business-crisis","status":"publish","type":"page","link":"https:\/\/fynance.es\/en\/business-crisis\/","title":{"rendered":"Business Crisis"},"content":{"rendered":"<p>[et_pb_section fb_built=&#8221;1&#8243; custom_padding_last_edited=&#8221;off|phone&#8221; next_background_color=&#8221;#000000&#8243; admin_label=&#8221;HERO&#8221; _builder_version=&#8221;4.27.4&#8243; _module_preset=&#8221;default&#8221; background_enable_image=&#8221;off&#8221; height_last_edited=&#8221;off|phone&#8221; custom_padding=&#8221;||||false|false&#8221; bottom_divider_style=&#8221;none&#8221; bottom_divider_height_last_edited=&#8221;off|phone&#8221; custom_css_main_element=&#8221;display: flex;||flex-direction: column;||justify-content: center;&#8221; global_colors_info=&#8221;{}&#8221;][et_pb_row custom_padding_last_edited=&#8221;on|tablet&#8221; admin_label=&#8221;Row&#8221; _builder_version=&#8221;4.27.4&#8243; _module_preset=&#8221;default&#8221; max_width_tablet=&#8221;100%&#8221; max_width_last_edited=&#8221;off|desktop&#8221; custom_padding=&#8221;200px||||false|false&#8221; custom_padding_tablet=&#8221;140px||||false|false&#8221; custom_padding_phone=&#8221;128px|0px||0px|false|false&#8221; module_alignment_last_edited=&#8221;off|phone&#8221; global_colors_info=&#8221;{}&#8221;][et_pb_column type=&#8221;4_4&#8243; _builder_version=&#8221;4.19.4&#8243; _module_preset=&#8221;default&#8221; global_colors_info=&#8221;{}&#8221;][et_pb_text content_last_edited=&#8221;off|desktop&#8221; admin_label=&#8221;T\u00edtulo h1&#8243; module_class=&#8221;encabezado_1&#8243; _builder_version=&#8221;4.27.4&#8243; _module_preset=&#8221;default&#8221; text_font=&#8221;DM Serif Display||||||||&#8221; header_font=&#8221;|||on|||||&#8221; header_text_align=&#8221;left&#8221; header_text_color=&#8221;#45505B&#8221; text_orientation=&#8221;center&#8221; max_width=&#8221;950px&#8221; max_width_tablet=&#8221;950px&#8221; max_width_phone=&#8221;450px&#8221; max_width_last_edited=&#8221;on|tablet&#8221; module_alignment=&#8221;left&#8221; custom_margin=&#8221;||||false|false&#8221; animation_style=&#8221;slide&#8221; animation_direction=&#8221;left&#8221; animation_intensity_slide=&#8221;10%&#8221; global_colors_info=&#8221;{}&#8221; header_line_height__hover_enabled=&#8221;off|desktop&#8221; custom_css_main_element_last_edited=&#8221;on|phone&#8221;]<\/p>\n<h1>Crisis<br \/>\nBusiness<\/h1>\n<p>[\/et_pb_text][et_pb_text admin_label=&#8221;Texto&#8221; module_class=&#8221;p_title&#8221; _builder_version=&#8221;4.27.4&#8243; _module_preset=&#8221;default&#8221; text_font=&#8221;|300|||||||&#8221; max_width=&#8221;788px&#8221; max_width_tablet=&#8221;650px&#8221; max_width_phone=&#8221;400px&#8221; max_width_last_edited=&#8221;on|phone&#8221; animation_style=&#8221;slide&#8221; animation_direction=&#8221;left&#8221; animation_intensity_slide=&#8221;10%&#8221; global_colors_info=&#8221;{}&#8221;]Define. Build. Transcend.[\/et_pb_text][et_pb_text _builder_version=&#8221;4.27.4&#8243; _module_preset=&#8221;default&#8221; text_font=&#8221;|300|||||||&#8221; max_width=&#8221;750px&#8221; max_width_tablet=&#8221;700px&#8221; max_width_phone=&#8221;630px&#8221; max_width_last_edited=&#8221;on|phone&#8221; animation_style=&#8221;slide&#8221; animation_direction=&#8221;left&#8221; animation_intensity_slide=&#8221;10%&#8221; locked=&#8221;off&#8221; global_colors_info=&#8221;{}&#8221;]<\/p>\n<p>We are with you. We design viability plans, manage the financial crisis, and lead the restructuring to <strong>restore stability and control<\/strong>.<\/p>\n<p>[\/et_pb_text][\/et_pb_column][\/et_pb_row][\/et_pb_section][et_pb_section fb_built=&#8221;1&#8243; admin_label=&#8221;Caracter\u00edsticas&#8221; _builder_version=&#8221;4.27.4&#8243; _module_preset=&#8221;default&#8221; global_colors_info=&#8221;{}&#8221;][et_pb_row _builder_version=&#8221;4.27.4&#8243; _module_preset=&#8221;default&#8221; module_alignment=&#8221;center&#8221; animation_style=&#8221;slide&#8221; animation_direction=&#8221;top&#8221; animation_intensity_slide=&#8221;10%&#8221; scroll_vertical_motion=&#8221;0|50|50|100|2|0|0&#8243; scroll_horizontal_motion=&#8221;0|30|30|100|-2|0|0&#8243; scroll_fade=&#8221;0|30|30|100|0|100|100&#8243; scroll_vertical_motion_tablet=&#8221;0|50|50|100|2|0|0&#8243; scroll_vertical_motion_phone=&#8221;0|50|50|100|2|0|0&#8243; scroll_vertical_motion_last_edited=&#8221;on|desktop&#8221; scroll_fade_tablet=&#8221;0|50|50|100|100%|100|100&#8243; scroll_fade_phone=&#8221;0|50|50|100|0%|100|100&#8243; scroll_fade_last_edited=&#8221;off|phone&#8221; locked=&#8221;off&#8221; global_colors_info=&#8221;{}&#8221;][et_pb_column type=&#8221;4_4&#8243; _builder_version=&#8221;4.27.4&#8243; _module_preset=&#8221;default&#8221; custom_css_main_element=&#8221;max-width: 744px;||margin-left: auto;||float: initial;&#8221; global_colors_info=&#8221;{}&#8221; custom_css_main_element_last_edited=&#8221;on|phone&#8221; custom_css_main_element_phone=&#8221;max-width: 85%;||margin-left: auto;||float: initial;&#8221; custom_css_main_element_tablet=&#8221;max-width: 560px;||margin-left: auto;||float: initial;&#8221;][et_pb_toggle title=&#8221;Conservative and realistic viability plan&#8221; open_toggle_background_color=&#8221;RGBA(255,255,255,0)&#8221; closed_toggle_background_color=&#8221;RGBA(255,255,255,0)&#8221; icon_color=&#8221;#FF9999&#8243; toggle_icon=&#8221;&#x4c;||divi||400&#8243; use_icon_font_size=&#8221;on&#8221; icon_font_size=&#8221;25px&#8221; open_icon_color=&#8221;#FF9999&#8243; open_toggle_icon=&#8221;&#x4b;||divi||400&#8243; open_use_icon_font_size=&#8221;on&#8221; open_icon_font_size=&#8221;25px&#8221; admin_label=&#8221;Plan de viabilidad conservador y realista&#8221; module_class=&#8221;encabezado_2 flecha-izq-m&#8221; _builder_version=&#8221;4.27.4&#8243; _module_preset=&#8221;default&#8221; title_level=&#8221;h2&#8243; background_color=&#8221;RGBA(255,255,255,0)&#8221; max_width_last_edited=&#8221;off|phone&#8221; module_alignment=&#8221;right&#8221; custom_margin_last_edited=&#8221;off|desktop&#8221; custom_padding=&#8221;0px|0px|0px|0px|true|true&#8221; border_width_all=&#8221;0px&#8221; global_colors_info=&#8221;{}&#8221;]Preparation and validation of plans that prioritize business sustainability.[\/et_pb_toggle][et_pb_toggle title=&#8221;Continuity plans and presentation to stakeholders&#8221; open_toggle_background_color=&#8221;RGBA(255,255,255,0)&#8221; closed_toggle_background_color=&#8221;RGBA(255,255,255,0)&#8221; icon_color=&#8221;#FF9999&#8243; toggle_icon=&#8221;&#x4c;||divi||400&#8243; use_icon_font_size=&#8221;on&#8221; icon_font_size=&#8221;25px&#8221; open_icon_color=&#8221;#FF9999&#8243; open_toggle_icon=&#8221;&#x4b;||divi||400&#8243; open_use_icon_font_size=&#8221;on&#8221; open_icon_font_size=&#8221;25px&#8221; admin_label=&#8221;Planes de continuidad y presentaci\u00f3n a stakeholders&#8221; module_class=&#8221;encabezado_2 flecha-izq-m&#8221; _builder_version=&#8221;4.27.4&#8243; _module_preset=&#8221;default&#8221; title_level=&#8221;h2&#8243; background_color=&#8221;RGBA(255,255,255,0)&#8221; max_width_last_edited=&#8221;off|phone&#8221; module_alignment=&#8221;right&#8221; custom_margin_last_edited=&#8221;off|desktop&#8221; custom_padding=&#8221;0px|0px|0px|0px|true|true&#8221; border_width_all=&#8221;0px&#8221; global_colors_info=&#8221;{}&#8221;]Development of clear proposals for creditors, partners, investors, and employees.[\/et_pb_toggle][et_pb_toggle title=&#8221;Diagnosis and improvement of the financial situation&#8221; open_toggle_background_color=&#8221;RGBA(255,255,255,0)&#8221; closed_toggle_background_color=&#8221;RGBA(255,255,255,0)&#8221; icon_color=&#8221;#FF9999&#8243; toggle_icon=&#8221;&#x4c;||divi||400&#8243; use_icon_font_size=&#8221;on&#8221; icon_font_size=&#8221;25px&#8221; open_icon_color=&#8221;#FF9999&#8243; open_toggle_icon=&#8221;&#x4b;||divi||400&#8243; open_use_icon_font_size=&#8221;on&#8221; open_icon_font_size=&#8221;25px&#8221; admin_label=&#8221;Diagn\u00f3stico y mejora de la situaci\u00f3n financiera&#8221; module_class=&#8221;encabezado_2 flecha-izq-m&#8221; _builder_version=&#8221;4.27.4&#8243; _module_preset=&#8221;default&#8221; title_level=&#8221;h2&#8243; background_color=&#8221;RGBA(255,255,255,0)&#8221; max_width_last_edited=&#8221;off|phone&#8221; module_alignment=&#8221;right&#8221; custom_margin_last_edited=&#8221;off|desktop&#8221; custom_padding=&#8221;0px|0px|0px|0px|true|true&#8221; border_width_all=&#8221;0px&#8221; global_colors_info=&#8221;{}&#8221;]Identification of critical areas and design of solutions focused on liquidity and solvency.[\/et_pb_toggle][et_pb_toggle title=&#8221;Strategic advice on restructuring&#8221; open_toggle_background_color=&#8221;RGBA(255,255,255,0)&#8221; closed_toggle_background_color=&#8221;RGBA(255,255,255,0)&#8221; icon_color=&#8221;#FF9999&#8243; toggle_icon=&#8221;&#x4c;||divi||400&#8243; use_icon_font_size=&#8221;on&#8221; icon_font_size=&#8221;25px&#8221; open_icon_color=&#8221;#FF9999&#8243; open_toggle_icon=&#8221;&#x4b;||divi||400&#8243; open_use_icon_font_size=&#8221;on&#8221; open_icon_font_size=&#8221;25px&#8221; admin_label=&#8221;Asesor\u00eda estrat\u00e9gica en reestructuraci\u00f3n&#8221; module_class=&#8221;encabezado_2 flecha-izq-m&#8221; _builder_version=&#8221;4.27.4&#8243; _module_preset=&#8221;default&#8221; title_level=&#8221;h2&#8243; background_color=&#8221;RGBA(255,255,255,0)&#8221; max_width_last_edited=&#8221;off|phone&#8221; module_alignment=&#8221;right&#8221; custom_margin_last_edited=&#8221;off|desktop&#8221; custom_padding=&#8221;0px|0px|0px|0px|true|true&#8221; border_width_all=&#8221;0px&#8221; global_colors_info=&#8221;{}&#8221;]Support from experts in restructuring, business strategy, and redesign of the business model.[\/et_pb_toggle][et_pb_toggle title=&#8221;Scenarios and alternative financing&#8221; open_toggle_background_color=&#8221;RGBA(255,255,255,0)&#8221; closed_toggle_background_color=&#8221;RGBA(255,255,255,0)&#8221; icon_color=&#8221;#FF9999&#8243; toggle_icon=&#8221;&#x4c;||divi||400&#8243; use_icon_font_size=&#8221;on&#8221; icon_font_size=&#8221;25px&#8221; open_icon_color=&#8221;#FF9999&#8243; open_toggle_icon=&#8221;&#x4b;||divi||400&#8243; open_use_icon_font_size=&#8221;on&#8221; open_icon_font_size=&#8221;25px&#8221; admin_label=&#8221;Escenarios y financiaci\u00f3n alternativa&#8221; module_class=&#8221;encabezado_2 flecha-izq-m&#8221; _builder_version=&#8221;4.27.4&#8243; _module_preset=&#8221;default&#8221; title_level=&#8221;h2&#8243; background_color=&#8221;RGBA(255,255,255,0)&#8221; max_width_last_edited=&#8221;off|phone&#8221; module_alignment=&#8221;right&#8221; custom_margin_last_edited=&#8221;off|desktop&#8221; custom_padding=&#8221;0px|0px|0px|0px|true|true&#8221; border_width_all=&#8221;0px&#8221; global_colors_info=&#8221;{}&#8221;]Evaluation of different scenarios and search for new viable sources of financing.[\/et_pb_toggle][et_pb_toggle title=&#8221;Specialization in insolvency situations&#8221; open_toggle_background_color=&#8221;RGBA(255,255,255,0)&#8221; closed_toggle_background_color=&#8221;RGBA(255,255,255,0)&#8221; icon_color=&#8221;#FF9999&#8243; toggle_icon=&#8221;&#x4c;||divi||400&#8243; use_icon_font_size=&#8221;on&#8221; icon_font_size=&#8221;25px&#8221; open_icon_color=&#8221;#FF9999&#8243; open_toggle_icon=&#8221;&#x4b;||divi||400&#8243; open_use_icon_font_size=&#8221;on&#8221; open_icon_font_size=&#8221;25px&#8221; admin_label=&#8221;Especializaci\u00f3n en situaciones de insolvencia&#8221; module_class=&#8221;encabezado_2 flecha-izq-m&#8221; _builder_version=&#8221;4.27.4&#8243; _module_preset=&#8221;default&#8221; title_level=&#8221;h2&#8243; background_color=&#8221;RGBA(255,255,255,0)&#8221; max_width_last_edited=&#8221;off|phone&#8221; module_alignment=&#8221;right&#8221; custom_margin_last_edited=&#8221;off|desktop&#8221; custom_padding=&#8221;0px|0px|0px|0px|true|true&#8221; border_width_all=&#8221;0px&#8221; global_colors_info=&#8221;{}&#8221;]Financial and legal services oriented to companies in delicate or pre-bankruptcy situations.[\/et_pb_toggle][et_pb_toggle title=&#8221;Management of critical stakeholders&#8221; open_toggle_background_color=&#8221;RGBA(255,255,255,0)&#8221; closed_toggle_background_color=&#8221;RGBA(255,255,255,0)&#8221; icon_color=&#8221;#FF9999&#8243; toggle_icon=&#8221;&#x4c;||divi||400&#8243; use_icon_font_size=&#8221;on&#8221; icon_font_size=&#8221;25px&#8221; open_icon_color=&#8221;#FF9999&#8243; open_toggle_icon=&#8221;&#x4b;||divi||400&#8243; open_use_icon_font_size=&#8221;on&#8221; open_icon_font_size=&#8221;25px&#8221; admin_label=&#8221;Gesti\u00f3n de stakeholders cr\u00edticos&#8221; module_class=&#8221;encabezado_2 flecha-izq-m&#8221; _builder_version=&#8221;4.27.4&#8243; _module_preset=&#8221;default&#8221; title_level=&#8221;h2&#8243; background_color=&#8221;RGBA(255,255,255,0)&#8221; max_width_last_edited=&#8221;off|phone&#8221; module_alignment=&#8221;right&#8221; custom_margin_last_edited=&#8221;off|desktop&#8221; custom_padding=&#8221;0px|0px|0px|0px|true|true&#8221; border_width_all=&#8221;0px&#8221; global_colors_info=&#8221;{}&#8221;]Negotiation and communication with shareholders, investors, and key entities to preserve value.[\/et_pb_toggle][et_pb_toggle title=&#8221;Comprehensive legal coordination&#8221; open_toggle_background_color=&#8221;RGBA(255,255,255,0)&#8221; closed_toggle_background_color=&#8221;RGBA(255,255,255,0)&#8221; icon_color=&#8221;#FF9999&#8243; toggle_icon=&#8221;&#x4c;||divi||400&#8243; use_icon_font_size=&#8221;on&#8221; icon_font_size=&#8221;25px&#8221; open_icon_color=&#8221;#FF9999&#8243; open_toggle_icon=&#8221;&#x4b;||divi||400&#8243; open_use_icon_font_size=&#8221;on&#8221; open_icon_font_size=&#8221;25px&#8221; admin_label=&#8221;Coordinaci\u00f3n legal integral&#8221; module_class=&#8221;encabezado_2 flecha-izq-m&#8221; _builder_version=&#8221;4.27.4&#8243; _module_preset=&#8221;default&#8221; title_level=&#8221;h2&#8243; background_color=&#8221;RGBA(255,255,255,0)&#8221; max_width_last_edited=&#8221;off|phone&#8221; module_alignment=&#8221;right&#8221; custom_margin_last_edited=&#8221;off|desktop&#8221; custom_padding=&#8221;0px|0px|0px|0px|true|true&#8221; border_width_all=&#8221;0px&#8221; global_colors_info=&#8221;{}&#8221;]Management of the legal process together with our legal partners, with complete monitoring and clear reports.[\/et_pb_toggle][et_pb_button button_url=&#8221;@ET-DC@eyJkeW5hbWljIjp0cnVlLCJjb250ZW50IjoicG9zdF9saW5rX3VybF9wYWdlIiwic2V0dGluZ3MiOnsicG9zdF9pZCI6IjIzNTIifX0=@&#8221; button_text=&#8221;More information&#8221; _builder_version=&#8221;4.27.4&#8243; _dynamic_attributes=&#8221;button_url&#8221; _module_preset=&#8221;default&#8221; custom_margin=&#8221;25px||||false|false&#8221; locked=&#8221;off&#8221; global_colors_info=&#8221;{}&#8221;][\/et_pb_button][\/et_pb_column][\/et_pb_row][\/et_pb_section][et_pb_section fb_built=&#8221;1&#8243; custom_padding_last_edited=&#8221;on|phone&#8221; admin_label=&#8221;\u00bfPor qu\u00e9 necesitas un CFO externo?&#8221; _builder_version=&#8221;4.27.4&#8243; _module_preset=&#8221;default&#8221; custom_padding=&#8221;||160px||false|false&#8221; custom_padding_tablet=&#8221;||130px||false|false&#8221; custom_padding_phone=&#8221;||75px||false|false&#8221; global_colors_info=&#8221;{}&#8221;][et_pb_row _builder_version=&#8221;4.27.4&#8243; _module_preset=&#8221;default&#8221; animation_style=&#8221;slide&#8221; animation_direction=&#8221;top&#8221; animation_intensity_slide=&#8221;10%&#8221; scroll_vertical_motion=&#8221;0|50|50|100|2|0|0&#8243; scroll_horizontal_motion=&#8221;0|30|30|100|-2|0|0&#8243; scroll_fade=&#8221;0|30|30|100|0|100|100&#8243; scroll_vertical_motion_tablet=&#8221;0|50|50|100|2|0|0&#8243; scroll_vertical_motion_phone=&#8221;0|50|50|100|2|0|0&#8243; scroll_vertical_motion_last_edited=&#8221;on|desktop&#8221; scroll_fade_tablet=&#8221;0|50|50|100|100%|100|100&#8243; scroll_fade_phone=&#8221;0|50|50|100|0%|100|100&#8243; scroll_fade_last_edited=&#8221;off|phone&#8221; locked=&#8221;off&#8221; global_colors_info=&#8221;{}&#8221;][et_pb_column type=&#8221;4_4&#8243; _builder_version=&#8221;4.27.4&#8243; _module_preset=&#8221;default&#8221; global_colors_info=&#8221;{}&#8221;][et_pb_text admin_label=&#8221;h2&#8243; module_class=&#8221;encabezado_2_2&#8243; _builder_version=&#8221;4.27.4&#8243; _module_preset=&#8221;default&#8221; custom_margin=&#8221;||20px||false|false&#8221; custom_margin_tablet=&#8221;||18px||false|false&#8221; custom_margin_phone=&#8221;||16px||false|false&#8221; custom_margin_last_edited=&#8221;on|phone&#8221; global_colors_info=&#8221;{}&#8221;]<\/p>\n<h2>Why do you need us?<\/h2>\n<p>[\/et_pb_text][et_pb_text admin_label=&#8221;Texto&#8221; _builder_version=&#8221;4.27.4&#8243; _module_preset=&#8221;default&#8221; text_font=&#8221;|300|||||||&#8221; custom_margin_tablet=&#8221;&#8221; custom_margin_phone=&#8221;&#8221; custom_margin_last_edited=&#8221;on|phone&#8221; global_colors_info=&#8221;{}&#8221;]<\/p>\n<ul>\n<li>Your company suffers liquidity tensions or risk of insolvency.<\/li>\n<li>You need a clear and realistic viability plan.<\/li>\n<li>You must restructure debt and negotiate with creditors.<\/li>\n<li>You are looking for alternative financing and continuity scenarios.<\/li>\n<li>You require specialized legal and financial advice.<\/li>\n<\/ul>\n<p>[\/et_pb_text][\/et_pb_column][\/et_pb_row][\/et_pb_section]<\/p>\n","protected":false},"excerpt":{"rendered":"<p>Crisis BusinessDefine. Build. Transcend.We are with you. We design viability plans, manage the financial crisis, and lead the restructuring to restore stability and control.Preparation and validation of plans that prioritize business sustainability.Development of clear proposals for creditors, partners, investors, and employees.Identification of critical areas and design of solutions focused on liquidity and solvency.Support from experts [&hellip;]<\/p>\n","protected":false},"author":1,"featured_media":3774,"parent":0,"menu_order":8,"comment_status":"closed","ping_status":"closed","template":"","meta":{"_acf_changed":false,"_et_pb_use_builder":"on","_et_pb_old_content":"","_et_gb_content_width":"","inline_featured_image":false,"footnotes":""},"class_list":["post-3793","page","type-page","status-publish","has-post-thumbnail","hentry"],"acf":[],"_links":{"self":[{"href":"https:\/\/fynance.es\/en\/wp-json\/wp\/v2\/pages\/3793","targetHints":{"allow":["GET"]}}],"collection":[{"href":"https:\/\/fynance.es\/en\/wp-json\/wp\/v2\/pages"}],"about":[{"href":"https:\/\/fynance.es\/en\/wp-json\/wp\/v2\/types\/page"}],"author":[{"embeddable":true,"href":"https:\/\/fynance.es\/en\/wp-json\/wp\/v2\/users\/1"}],"replies":[{"embeddable":true,"href":"https:\/\/fynance.es\/en\/wp-json\/wp\/v2\/comments?post=3793"}],"version-history":[{"count":2,"href":"https:\/\/fynance.es\/en\/wp-json\/wp\/v2\/pages\/3793\/revisions"}],"predecessor-version":[{"id":3795,"href":"https:\/\/fynance.es\/en\/wp-json\/wp\/v2\/pages\/3793\/revisions\/3795"}],"wp:featuredmedia":[{"embeddable":true,"href":"https:\/\/fynance.es\/en\/wp-json\/wp\/v2\/media\/3774"}],"wp:attachment":[{"href":"https:\/\/fynance.es\/en\/wp-json\/wp\/v2\/media?parent=3793"}],"curies":[{"name":"wp","href":"https:\/\/api.w.org\/{rel}","templated":true}]}}